{"id":109,"date":"2023-10-02T23:24:37","date_gmt":"2023-10-02T23:24:37","guid":{"rendered":"https:\/\/anketyapkazan.com\/?page_id=109"},"modified":"2023-10-02T23:24:37","modified_gmt":"2023-10-02T23:24:37","slug":"acik-riza-metni","status":"publish","type":"page","link":"https:\/\/anketyapkazan.com\/?page_id=109","title":{"rendered":"A\u00e7\u0131k R\u0131za Metni"},"content":{"rendered":"<div id=\"sp-page\" class=\"spBgcover sp-content-1\" style=\"background-color: rgb(255, 255, 255); font-family: 'IBM Plex Sans', sans-serif; font-weight: 400;\">\n<section id=\"sp-ks8a8s\" data-mobile-visibility=\"#sp-ks8a8s|false\" data-desktop-visibility=\"#sp-ks8a8s|false\" data-mobile-css=\"\" class=\"sp-el-section  spBgcover\" style=\"background-image: linear-gradient(0deg, rgba(0, 0, 0, 0), rgba(0, 0, 0, 0)), url('https:\/\/assets.seedprod.com\/5259-16xu8B5TAZiyVPnF.jpg'); width: 100%; max-width: 100%; padding: 10px 10px 100px;\">\n<div><\/div>\n<div id=\"sp-vw3kvy\" data-mobile-visibility=\"#sp-vw3kvy|false\" data-desktop-visibility=\"#sp-vw3kvy|false\" data-mobile-css=\"\" class=\"sp-el-row sm:sp-flex sp-w-full  sp-m-auto sp-justify-between\" style=\"padding: 0px; width: auto; max-width: 1000px;\">\n<div id=\"sp-ylgd0g\" data-mobile-visibility=\"#sp-ylgd0g|false\" data-desktop-visibility=\"#sp-ylgd0g|false\" data-mobile-css=\"\" class=\"sp-el-col  sp-w-full\" style=\"width: calc(50% - 0px);\">\n<style type=\"text\/css\">\n      #sp-ylgd0g .sp-col-top .seedprod-shape-fill {fill: undefined;} #sp-ylgd0g .sp-col-top svg {width: undefined%;height: undefinedpx;transform: translateX(-50%);} #sp-ylgd0g .sp-col-bottom .seedprod-shape-fill {fill: undefined;} #sp-ylgd0g .sp-col-bottom svg {width: undefined%;height: undefinedpx;transform: translateX(-50%);}\n    <\/style>\n<div class=\"sp-col-shape sp-col-top\" style=\"z-index: 0;\">\n<div><\/div>\n<\/div>\n<div class=\"sp-col-shape sp-col-bottom\" style=\"z-index: 0;\">\n<div><\/div>\n<\/div>\n<figure id=\"sp-ly3wqe\" data-mobile-css=\"#sp-ly3wqe|text-align:center;\" class=\"sp-image-wrapper sp-el-block\" style=\"margin: 0px; text-align: left;\">\n<div><span><img loading=\"lazy\" decoding=\"async\" src=\"https:\/\/anketyapkazan.com\/wp-content\/uploads\/2022\/07\/logo.png\" alt=\"\" width=\"2048\" height=\"800\" data-mobile-visibility=\".sp-image-block-ly3wqe|false\" data-desktop-visibility=\".sp-image-block-ly3wqe|false\" srcset=\" https:\/\/anketyapkazan.com\/wp-content\/uploads\/2022\/07\/logo-150x150.png 150w, https:\/\/anketyapkazan.com\/wp-content\/uploads\/2022\/07\/logo-300x117.png 300w, https:\/\/anketyapkazan.com\/wp-content\/uploads\/2022\/07\/logo-1024x400.png 1024w, https:\/\/anketyapkazan.com\/wp-content\/uploads\/2022\/07\/logo.png 2048w\" class=\"sp-image-block-ly3wqe\" style=\"width: 200px;\"><\/span><\/div>\n<\/figure>\n<\/div>\n<div id=\"sp-e4kkcg\" data-mobile-visibility=\"#sp-e4kkcg|false\" data-desktop-visibility=\"#sp-e4kkcg|false\" data-mobile-css=\"\" class=\"sp-el-col  sp-w-full\" style=\"width: calc(50% - 0px);\"><\/div>\n<\/div>\n<div id=\"sp-ms503w\" data-mobile-visibility=\"#sp-ms503w|false\" data-desktop-visibility=\"#sp-ms503w|false\" data-mobile-css=\"\" class=\"sp-el-row sm:sp-flex sp-w-full  sp-m-auto sp-justify-between\" style=\"padding: 0px; width: auto; max-width: 1000px;\">\n<div id=\"sp-tfdxvz\" data-mobile-visibility=\"#sp-tfdxvz|false\" data-desktop-visibility=\"#sp-tfdxvz|false\" data-mobile-css=\"\" class=\"sp-el-col  sp-w-full\" style=\"width: calc(100% - 0px);\">\n<style type=\"text\/css\">\n      #sp-tfdxvz .sp-col-top .seedprod-shape-fill {fill: undefined;} #sp-tfdxvz .sp-col-top svg {width: undefined%;height: undefinedpx;transform: translateX(-50%);} #sp-tfdxvz .sp-col-bottom .seedprod-shape-fill {fill: undefined;} #sp-tfdxvz .sp-col-bottom svg {width: undefined%;height: undefinedpx;transform: translateX(-50%);}\n    <\/style>\n<div class=\"sp-col-shape sp-col-top\" style=\"z-index: 0;\">\n<div><\/div>\n<\/div>\n<div class=\"sp-col-shape sp-col-bottom\" style=\"z-index: 0;\">\n<div><\/div>\n<\/div>\n<h1 id=\"sp-hp4t27\" data-mobile-css=\".sp-headline-block-hp4t27, #sp-hp4t27, #hp4t27|text-align:center;\" data-mobile-visibility=\".sp-headline-block-hp4t27|false\" data-desktop-visibility=\".sp-headline-block-hp4t27|false\" class=\"sp-css-target sp-el-block sp-headline-block-hp4t27 sp-type-header\" style=\"text-align: center; margin: 0px;\"><span style=\"color: #ffffff;\">A\u00e7\u0131k R\u0131za Metni<\/span><\/h1>\n<\/div>\n<\/div>\n<\/section>\n<section id=\"sp-tbwcue\" data-mobile-visibility=\"#sp-tbwcue|false\" data-desktop-visibility=\"#sp-tbwcue|false\" data-mobile-css=\"\" class=\"sp-el-section \" style=\"width: 100%; max-width: 100%; padding: 10px 10px 80px;\">\n<div><\/div>\n<div id=\"sp-od3shs\" data-mobile-visibility=\"#sp-od3shs|false\" data-desktop-visibility=\"#sp-od3shs|false\" data-mobile-css=\"\" class=\"sp-el-row sm:sp-flex sp-w-full  sp-m-auto sp-justify-between\" style=\"padding: 0px; width: auto; max-width: 1000px;\">\n<div id=\"sp-thnx21\" data-mobile-visibility=\"#sp-thnx21|false\" data-desktop-visibility=\"#sp-thnx21|false\" data-mobile-css=\"\" class=\"sp-el-col  sp-w-full\" style=\"width: calc(100% - 0px);\">\n<div id=\"uxdejs\" data-mobile-css=\".sp-text-wrapper-uxdejs, #sp-uxdejs, #uxdejs|text-align:left;\" data-mobile-visibility=\".sp-text-wrapper-uxdejs|false\" data-desktop-visibility=\".sp-text-wrapper-uxdejs|false\" class=\"sp-css-target sp-text-wrapper sp-el-block sp-text-block-style sp-text-wrapper-uxdejs mce-content-body html4-captions\" style=\"margin: 0px; text-align: left; position: relative;\"  >\n<p>Ticari Elektronik \u0130leti\u015fimi \u0130\u00e7in \u0130zin ve Onay: \u0130\u015fbu metin ile, Elektronik Ticaretin D\u00fczenlenmesi Hakk\u0131nda Kanun kapsam\u0131nda , cep\/ev\/i\u015f telefonu, mail adresi gibi ileti\u015fim bilgilerimin, taraf\u0131ma i\u015f burada yaz\u0131l\u0131 ama\u00e7lar ile ticari elektronik ileti g\u00f6nderilmesi i\u00e7in al\u0131nd\u0131\u011f\u0131, ileti\u015fim tercihlerimi istedi\u011fim her zaman ve hi\u00e7bir gerek\u00e7e g\u00f6stermeksizin de\u011fi\u015ftirebilece\u011fim, g\u00f6nderece\u011finiz elektronik iletilerde (ya da varsa yetkili mercilerce kurulan\/kurdurulan sistemde) \u0130nternet Sitesi \u00fczerinde &#8220;Profil&#8221; b\u00f6l\u00fcm\u00fcnde bulunan &#8220;Profilimi d\u00fczenle&#8221; alan\u0131nda &#8220;Bildirim almak istiyorum&#8221; se\u00e7ene\u011fini bo\u015f b\u0131rakarak ilgili ticari elektronik ileti\u015fimi durdurabilece\u011fim, ancak yasal olarak zorunlu ileti\u015fimlerin her hal\u00fckarda devam edece\u011fi hususlar\u0131nda bilgilendirildim. Bu \u00e7er\u00e7evede, her t\u00fcrl\u00fc \u00fcr\u00fcn ve hizmetlere ili\u015fkin \u00e7e\u015fitli tan\u0131t\u0131m, reklam, kampanya, indirim, promosyon, sat\u0131\u015f ve pazarlama amac\u0131yla, \u00fcyelik bilgilendirme, i\u015flem ve uygulamalar\u0131 i\u00e7in \u015eirketiniz SADE ARA\u015e.DAN.E\u011eT.VE B\u0130L\u0130\u015e\u0130M H\u0130Z.T\u0130C.LTD.\u015eT\u0130.\u2019nin taraf\u0131ma SMS\/k\u0131sa mesaj, anl\u0131k bildirim, otomatik arama, bilgisayar, telefon, faks, e-posta \/ mail ve di\u011fer elektronik ileti\u015fim ara\u00e7lar\u0131 ile her t\u00fcrl\u00fc bilgilendirmeden haberdar olmak amac\u0131yla ticari elektronik ileti g\u00f6nderilmesine izin ve onay veriyorum.<\/p>\n<\/div>\n<\/div>\n<\/div>\n<\/section>\n<section id=\"sp-kf41ld\" data-mobile-visibility=\"#sp-kf41ld|false\" data-desktop-visibility=\"#sp-kf41ld|false\" data-mobile-css=\"\" class=\"sp-el-section \" style=\"width: 100%; max-width: 100%; padding: 20px 0px 10px;\">\n<div><\/div>\n<div id=\"sp-cz6gk0\" data-mobile-visibility=\"#sp-cz6gk0|false\" data-desktop-visibility=\"#sp-cz6gk0|false\" data-mobile-css=\"\" class=\"sp-el-row sm:sp-flex sp-w-full  sp-m-auto sp-justify-between\" style=\"padding: 0px;\">\n<div id=\"sp-c1z5wg\" data-mobile-visibility=\"#sp-c1z5wg|false\" data-desktop-visibility=\"#sp-c1z5wg|false\" data-mobile-css=\"\" class=\"sp-el-col  sp-w-full\" style=\"width: calc(100% - 0px);\">\n<style type=\"text\/css\">\n      #sp-c1z5wg .sp-col-top .seedprod-shape-fill {fill: undefined;} #sp-c1z5wg .sp-col-top svg {width: undefined%;height: undefinedpx;transform: translateX(-50%);} #sp-c1z5wg .sp-col-bottom .seedprod-shape-fill {fill: undefined;} #sp-c1z5wg .sp-col-bottom svg {width: undefined%;height: undefinedpx;transform: translateX(-50%);}\n    <\/style>\n<div class=\"sp-col-shape sp-col-top\" style=\"z-index: 0;\">\n<div><\/div>\n<\/div>\n<div class=\"sp-col-shape sp-col-bottom\" style=\"z-index: 0;\">\n<div><\/div>\n<\/div>\n<div id=\"sp-ulmvl3\" data-mobile-css=\"#sp-ulmvl3 .nav-menu .menu-item |text-align:center\" data-mobile-visibility=\".sp-nav-menu-block-ulmvl3|false\" data-desktop-visibility=\".sp-nav-menu-block-ulmvl3|false\" class=\"sp-nav sp-flex sp-el-block sp-justify-center sp-nav-menu-block-ulmvl3\" style=\"margin: 0px; font-family: 'IBM Plex Sans'; font-weight: 600; font-style: normal;\">\n<style type=\"text\/css\" data-mobile-css=\"\"><\/style>\n<style type=\"text\/css\">\n    #sp-ulmvl3 .seedprod-menu-horizontal .nav-menu .menu-item ,#sp-ulmvl3 .seedprod-menu-horizontal .nav-menu .seedprod-menu-heading , #sp-ulmvl3 .seedprod-menu-separator {padding:0px 25px}<\/p>\n<p>    #sp-ulmvl3 .nav-menu ul.sub-menu {box-shadow:0 25px 50px -12px rgba(0, 0, 0, 0.25)}<\/p>\n<p>    #sp-ulmvl3 .seedprod-menu-horizontal .nav-menu .separator.menu-item { padding:0px; }<\/p>\n<p>    #sp-ulmvl3 .custom-restricted-width .menu-item{padding:25px 0px}<\/p>\n<p>    #sp-ulmvl3 .seedprod-menu-list li a {text-align:center}\n    #sp-ulmvl3 .seedprod-menu-list li{text-align:center}<\/p>\n<p>    #sp-ulmvl3 .seedprod-menu-list li a:hover {text-align:center}<\/p>\n<p>    #sp-ulmvl3 .sp-nav-wrapper li a:hover {text-align:center}<\/p>\n<p>    #sp-ulmvl3 .sub-menu {border-radius:6px;padding:4px 4px 4px 4px }<\/p>\n<p>    #sp-ulmvl3 .sub-menu a {}<\/p>\n<p>    #sp-ulmvl3 ul.seedprod-menu-list ul.sub-menu li a:hover{}<\/p>\n<p>    #sp-ulmvl3 .bar{background-color:;}\n  <\/style>\n<div class=\"sp-nested-nav-wrapper h sp-nav-classmmtr\">\n<div class=\"seedprod-menu seedprod-menu-builder seedprod-menu-horizontal sp-mobile-menu-true\">\n<div class=\"\">\n<nav class=\"nav-bar\">\n<div class=\"hamburger\"><span class=\"bar\"><\/span><span class=\"bar\"><\/span><span class=\"bar\"><\/span><\/div>\n<div class=\"nav-menu\">\n<div>\n              <div class=\"nav-menu-bar\"><ul id=\"menu-mmtr\" class=\"seedprod-menu-list\"><li id=\"menu-item-98\" class=\"menu-item menu-item-type-post_type menu-item-object-page menu-item-98\"><a href=\"https:\/\/anketyapkazan.com\/?page_id=94\">Gizlilik S\u00f6zle\u015fmesi<\/a><\/li>\n<li id=\"menu-item-102\" class=\"menu-item menu-item-type-post_type menu-item-object-page menu-item-102\"><a href=\"https:\/\/anketyapkazan.com\/?page_id=99\">Kullan\u0131m Ko\u015fullar\u0131<\/a><\/li>\n<li id=\"menu-item-108\" class=\"menu-item menu-item-type-post_type menu-item-object-page menu-item-108\"><a href=\"https:\/\/anketyapkazan.com\/?page_id=103\">Ayd\u0131nlatma Metni<\/a><\/li>\n<li id=\"menu-item-112\" class=\"menu-item menu-item-type-post_type menu-item-object-page menu-item-112\"><a href=\"https:\/\/anketyapkazan.com\/?page_id=109\">A\u00e7\u0131k R\u0131za Metni<\/a><\/li>\n<\/ul><\/div>\n            <\/div>\n<div><script> jQuery(document).ready(function(){   initDropdowns(); }); <\/script><\/div>\n<\/div>\n<\/nav>\n<\/div>\n<\/div>\n<\/div>\n<\/div>\n<div id=\"sp-kx3d04\" data-mobile-visibility=\".sp-divider-block-kx3d04|false\" data-desktop-visibility=\".sp-divider-block-kx3d04|false\" data-mobile-css=\"#sp-kx3d04 .sp-divider-text-block .sp-divider-text, #sp-kx3d04|justify-content:center;padding:10px 0px 10px 0px ;\" class=\"sp-divider-wrapper sp-flex sp-el-block sp-divider-block-kx3d04\" style=\"margin: 0px; justify-content: center; padding: 10px 0px 0px;\">\n<style type=\"text\/css\">\n    #sp-kx3d04 .sp-divider-separator::after , #sp-kx3d04 .sp-divider-separator::before  {content:\"\"}\n    #sp-kx3d04 .sp-divider .sp-divider-separator::after , #sp-kx3d04 .sp-divider .sp-divider-separator::before {display:block;border-top:1px solid #EAEAEA}\n    #sp-kx3d04 .sp-divider .sp-divider-text-block .sp-divider-text \n    {color:#EAEAEA}\n    #sp-kx3d04 .sp-divider .sp-divider-text-block.sp-divider-icon-block \n    {color:#EAEAEA}\n  <\/style>\n<div class=\"sp-divider sp-flex\" style=\"width: 100%; border-top: 1px solid rgb(234, 234, 234);\"><\/div>\n<\/div>\n<\/div>\n<\/div>\n<div id=\"sp-voc5ua\" data-mobile-visibility=\"#sp-voc5ua|false\" data-desktop-visibility=\"#sp-voc5ua|false\" data-mobile-css=\"\" class=\"sp-el-row sm:sp-flex sp-w-full  sp-m-auto sp-justify-between\" style=\"padding: 0px; width: auto; max-width: 1000px;\">\n<div id=\"sp-biz4q7\" data-mobile-visibility=\"#sp-biz4q7|false\" data-desktop-visibility=\"#sp-biz4q7|false\" data-mobile-css=\"\" class=\"sp-el-col  sp-w-full\" style=\"width: calc(33.3333% - 0px);\">\n<style type=\"text\/css\">\n      #sp-biz4q7 .sp-col-top .seedprod-shape-fill {fill: undefined;} #sp-biz4q7 .sp-col-top svg {width: undefined%;height: undefinedpx;transform: translateX(-50%);} #sp-biz4q7 .sp-col-bottom .seedprod-shape-fill {fill: undefined;} #sp-biz4q7 .sp-col-bottom svg {width: undefined%;height: undefinedpx;transform: translateX(-50%);}\n    <\/style>\n<div class=\"sp-col-shape sp-col-top\" style=\"z-index: 0;\">\n<div><\/div>\n<\/div>\n<div class=\"sp-col-shape sp-col-bottom\" style=\"z-index: 0;\">\n<div><\/div>\n<\/div>\n<div id=\"sp-wrhkth\" data-mobile-css=\".sp-text-wrapper-wrhkth, #sp-wrhkth, #wrhkth|text-align:left;\" data-mobile-visibility=\".sp-text-wrapper-wrhkth|false\" data-desktop-visibility=\".sp-text-wrapper-wrhkth|false\" class=\"sp-css-target sp-text-wrapper sp-el-block sp-text-wrapper-wrhkth\" style=\"margin: 0px; text-align: left;\">\n<p>\u00a9 Anket Yap Kazan T\u00fcm Hakk\u0131 Sakl\u0131d\u0131r<\/p>\n<\/div>\n<\/div>\n<div id=\"sp-zoxhvu\" data-mobile-visibility=\"#sp-zoxhvu|false\" data-desktop-visibility=\"#sp-zoxhvu|false\" data-mobile-css=\"\" class=\"sp-el-col  sp-w-full\" style=\"width: calc(33.3333% - 0px);\">\n<style type=\"text\/css\">\n      #sp-zoxhvu .sp-col-top .seedprod-shape-fill {fill: undefined;} #sp-zoxhvu .sp-col-top svg {width: undefined%;height: undefinedpx;transform: translateX(-50%);} #sp-zoxhvu .sp-col-bottom .seedprod-shape-fill {fill: undefined;} #sp-zoxhvu .sp-col-bottom svg {width: undefined%;height: undefinedpx;transform: translateX(-50%);}\n    <\/style>\n<div class=\"sp-col-shape sp-col-top\" style=\"z-index: 0;\">\n<div><\/div>\n<\/div>\n<div class=\"sp-col-shape sp-col-bottom\" style=\"z-index: 0;\">\n<div><\/div>\n<\/div>\n<figure id=\"sp-pe0aps\" data-mobile-css=\"#sp-pe0aps|text-align:center;\" class=\"sp-image-wrapper sp-el-block\" style=\"margin: 0px; text-align: center;\">\n<div><span><img loading=\"lazy\" decoding=\"async\" src=\"https:\/\/anketyapkazan.com\/wp-content\/uploads\/2022\/07\/logo.png\" alt=\"\" width=\"2048\" height=\"800\" data-mobile-visibility=\".sp-image-block-pe0aps|false\" data-desktop-visibility=\".sp-image-block-pe0aps|false\" srcset=\" https:\/\/anketyapkazan.com\/wp-content\/uploads\/2022\/07\/logo-150x150.png 150w, https:\/\/anketyapkazan.com\/wp-content\/uploads\/2022\/07\/logo-300x117.png 300w, https:\/\/anketyapkazan.com\/wp-content\/uploads\/2022\/07\/logo-1024x400.png 1024w, https:\/\/anketyapkazan.com\/wp-content\/uploads\/2022\/07\/logo.png 2048w\" class=\"sp-image-block-pe0aps\" style=\"width: 128px;\"><\/span><\/div>\n<\/figure>\n<\/div>\n<div id=\"sp-ex55ok\" data-mobile-visibility=\"#sp-ex55ok|false\" data-desktop-visibility=\"#sp-ex55ok|false\" data-mobile-css=\"\" class=\"sp-el-col  sp-w-full\" style=\"width: calc(33.3333% - 0px);\">\n<style type=\"text\/css\">\n      #sp-ex55ok .sp-col-top .seedprod-shape-fill {fill: undefined;} #sp-ex55ok .sp-col-top svg {width: undefined%;height: undefinedpx;transform: translateX(-50%);} #sp-ex55ok .sp-col-bottom .seedprod-shape-fill {fill: undefined;} #sp-ex55ok .sp-col-bottom svg {width: undefined%;height: undefinedpx;transform: translateX(-50%);}\n    <\/style>\n<div class=\"sp-col-shape sp-col-top\" style=\"z-index: 0;\">\n<div><\/div>\n<\/div>\n<div class=\"sp-col-shape sp-col-bottom\" style=\"z-index: 0;\">\n<div><\/div>\n<\/div>\n<\/div>\n<\/div>\n<\/section>\n<\/div>\n","protected":false},"excerpt":{"rendered":"<p>A\u00e7\u0131k R\u0131za Metni Ticari Elektronik \u0130leti\u015fimi \u0130\u00e7in \u0130zin ve Onay: \u0130\u015fbu metin ile, Elektronik Ticaretin D\u00fczenlenmesi Hakk\u0131nda Kanun kapsam\u0131nda , cep\/ev\/i\u015f telefonu, mail adresi gibi ileti\u015fim bilgilerimin, taraf\u0131ma i\u015f burada yaz\u0131l\u0131 ama\u00e7lar ile ticari elektronik ileti g\u00f6nderilmesi i\u00e7in al\u0131nd\u0131\u011f\u0131, ileti\u015fim tercihlerimi istedi\u011fim her zaman ve hi\u00e7bir gerek\u00e7e g\u00f6stermeksizin de\u011fi\u015ftirebilece\u011fim, g\u00f6nderece\u011finiz elektronik iletilerde (ya da varsa [&hellip;]<\/p>\n","protected":false},"author":1,"featured_media":0,"parent":0,"menu_order":0,"comment_status":"closed","ping_status":"closed","template":"","meta":{"footnotes":""},"class_list":["post-109","page","type-page","status-publish","hentry"],"_links":{"self":[{"href":"https:\/\/anketyapkazan.com\/index.php?rest_route=\/wp\/v2\/pages\/109","targetHints":{"allow":["GET"]}}],"collection":[{"href":"https:\/\/anketyapkazan.com\/index.php?rest_route=\/wp\/v2\/pages"}],"about":[{"href":"https:\/\/anketyapkazan.com\/index.php?rest_route=\/wp\/v2\/types\/page"}],"author":[{"embeddable":true,"href":"https:\/\/anketyapkazan.com\/index.php?rest_route=\/wp\/v2\/users\/1"}],"replies":[{"embeddable":true,"href":"https:\/\/anketyapkazan.com\/index.php?rest_route=%2Fwp%2Fv2%2Fcomments&post=109"}],"version-history":[{"count":2,"href":"https:\/\/anketyapkazan.com\/index.php?rest_route=\/wp\/v2\/pages\/109\/revisions"}],"predecessor-version":[{"id":111,"href":"https:\/\/anketyapkazan.com\/index.php?rest_route=\/wp\/v2\/pages\/109\/revisions\/111"}],"wp:attachment":[{"href":"https:\/\/anketyapkazan.com\/index.php?rest_route=%2Fwp%2Fv2%2Fmedia&parent=109"}],"curies":[{"name":"wp","href":"https:\/\/api.w.org\/{rel}","templated":true}]}}